{"id":131,"date":"2018-03-09T12:48:57","date_gmt":"2018-03-09T12:48:57","guid":{"rendered":"https:\/\/portugues.refugiodelneusa.com\/index.php\/gallery\/"},"modified":"2022-10-28T18:03:30","modified_gmt":"2022-10-28T18:03:30","slug":"gallery","status":"publish","type":"page","link":"https:\/\/portugues.refugiodelneusa.com\/index.php\/gallery\/","title":{"rendered":"Gallery"},"content":{"rendered":"\n\n\t\t\t<h4>Galeria<\/h4><h2>Viva e escreva a melhor hist\u00f3ria depois de nos visitar.<\/h2>\t\t\t\n\t\t\t<h6>Galeria<\/h6><h2>Mais pr\u00f3ximo das estrelas<\/h2>\t\t\t\n<h2>\n\t\tAcolhimento\n\t<\/h2>\n\t\t\t<h6>Refugio del neusa<\/h6><h2>Onde a admira\u00e7\u00e3o pelas estrelas lhe d\u00e1 uma sensa\u00e7\u00e3o de bem estar<\/h2>\t\t\t\n<h2>\n\t\tExperi\u00eancias\n\t<\/h2>\n\n","protected":false},"excerpt":{"rendered":"<p>Galeria Viva e escreva a melhor hist\u00f3ria depois de nos visitar. Galeria Mais pr\u00f3ximo das estrelas Acolhimento Refugio del neusa Onde a admira\u00e7\u00e3o pelas estrelas lhe d\u00e1 uma sensa\u00e7\u00e3o de bem estar Experi\u00eancias<\/p>\n","protected":false},"author":1,"featured_media":0,"parent":0,"menu_order":0,"comment_status":"closed","ping_status":"closed","template":"","meta":{"om_disable_all_campaigns":false,"_monsterinsights_skip_tracking":false,"_monsterinsights_sitenote_active":false,"_monsterinsights_sitenote_note":"","_monsterinsights_sitenote_category":0,"_joinchat":[],"footnotes":""},"aioseo_notices":[],"_links":{"self":[{"href":"https:\/\/portugues.refugiodelneusa.com\/index.php\/wp-json\/wp\/v2\/pages\/131"}],"collection":[{"href":"https:\/\/portugues.refugiodelneusa.com\/index.php\/wp-json\/wp\/v2\/pages"}],"about":[{"href":"https:\/\/portugues.refugiodelneusa.com\/index.php\/wp-json\/wp\/v2\/types\/page"}],"author":[{"embeddable":true,"href":"https:\/\/portugues.refugiodelneusa.com\/index.php\/wp-json\/wp\/v2\/users\/1"}],"replies":[{"embeddable":true,"href":"https:\/\/portugues.refugiodelneusa.com\/index.php\/wp-json\/wp\/v2\/comments?post=131"}],"version-history":[{"count":6,"href":"https:\/\/portugues.refugiodelneusa.com\/index.php\/wp-json\/wp\/v2\/pages\/131\/revisions"}],"predecessor-version":[{"id":1308,"href":"https:\/\/portugues.refugiodelneusa.com\/index.php\/wp-json\/wp\/v2\/pages\/131\/revisions\/1308"}],"wp:attachment":[{"href":"https:\/\/portugues.refugiodelneusa.com\/index.php\/wp-json\/wp\/v2\/media?parent=131"}],"curies":[{"name":"wp","href":"https:\/\/api.w.org\/{rel}","templated":true}]}}