{"id":130,"date":"2018-03-09T12:48:26","date_gmt":"2018-03-09T12:48:26","guid":{"rendered":"https:\/\/portugues.refugiodelneusa.com\/index.php\/services\/"},"modified":"2024-06-18T17:38:20","modified_gmt":"2024-06-18T17:38:20","slug":"services","status":"publish","type":"page","link":"https:\/\/portugues.refugiodelneusa.com\/index.php\/services\/","title":{"rendered":"Services"},"content":{"rendered":"\n\n\t\t\t<h4>Servi\u00e7os<\/h4><h2>Cabines, zona de campismo, restaurante, piquenique e outras actividades.<\/h2>\t\t\t\n\t\t\t<h4>Tudo o que encontra nas nossas cabinas<\/h4><h2>Mais pr\u00f3ximo das estrelas<\/h2>\t\t\t\n\t\t\t<a href=\"https:\/\/www.google.com\/maps\/dir\/4.7311355,-74.0944684\/REFUGIO+DEL+NEUSA\/@4.9414789,-74.1593811,11z\/data=!3m1!4b1!4m9!4m8!1m1!4e1!1m5!1m1!1s0x8e4069012f755dc5:0x1d897901ea350f22!2m2!1d-73.9636204!2d5.1716219\" target=\"_self\" role=\"button\" rel=\"noopener\">\n\t\t\t\t\t\t\tCLIQUE PARA L\u00c1 CHEGAR\n\t\t\t\t\t<\/a>\n\t\t\t\t\t\t<h4 tabindex=\"0\">01. Acolhimento<\/h4>\n\t\t\t\n\t\t\t\t\t\t<h4 tabindex=\"0\">02. Quinta<\/h4>\n\t\t\t\n\t\t\t\t\t\t<h4 tabindex=\"0\">03. \u00c1rea de campismo<\/h4>\n\t\t\t\n\t\t\t\t\t\t<h4 tabindex=\"0\">04. Restaurante<\/h4>\n\t\t\t\n\n","protected":false},"excerpt":{"rendered":"<p>Servi\u00e7os Cabines, zona de campismo, restaurante, piquenique e outras actividades. Tudo o que encontra nas nossas cabinas Mais pr\u00f3ximo das estrelas CLIQUE PARA L\u00c1 CHEGAR 01. Acolhimento 02. Quinta 03. \u00c1rea de campismo 04. Restaurante<\/p>\n","protected":false},"author":1,"featured_media":0,"parent":0,"menu_order":0,"comment_status":"closed","ping_status":"closed","template":"","meta":{"om_disable_all_campaigns":false,"_monsterinsights_skip_tracking":false,"_monsterinsights_sitenote_active":false,"_monsterinsights_sitenote_note":"","_monsterinsights_sitenote_category":0,"_joinchat":[],"footnotes":""},"aioseo_notices":[],"_links":{"self":[{"href":"https:\/\/portugues.refugiodelneusa.com\/index.php\/wp-json\/wp\/v2\/pages\/130"}],"collection":[{"href":"https:\/\/portugues.refugiodelneusa.com\/index.php\/wp-json\/wp\/v2\/pages"}],"about":[{"href":"https:\/\/portugues.refugiodelneusa.com\/index.php\/wp-json\/wp\/v2\/types\/page"}],"author":[{"embeddable":true,"href":"https:\/\/portugues.refugiodelneusa.com\/index.php\/wp-json\/wp\/v2\/users\/1"}],"replies":[{"embeddable":true,"href":"https:\/\/portugues.refugiodelneusa.com\/index.php\/wp-json\/wp\/v2\/comments?post=130"}],"version-history":[{"count":16,"href":"https:\/\/portugues.refugiodelneusa.com\/index.php\/wp-json\/wp\/v2\/pages\/130\/revisions"}],"predecessor-version":[{"id":1427,"href":"https:\/\/portugues.refugiodelneusa.com\/index.php\/wp-json\/wp\/v2\/pages\/130\/revisions\/1427"}],"wp:attachment":[{"href":"https:\/\/portugues.refugiodelneusa.com\/index.php\/wp-json\/wp\/v2\/media?parent=130"}],"curies":[{"name":"wp","href":"https:\/\/api.w.org\/{rel}","templated":true}]}}