{"id":1295,"date":"2022-10-27T18:08:28","date_gmt":"2022-10-27T18:08:28","guid":{"rendered":"https:\/\/portugues.refugiodelneusa.com\/?page_id=1295"},"modified":"2022-10-28T18:23:19","modified_gmt":"2022-10-28T18:23:19","slug":"politicas-de-mascotas","status":"publish","type":"page","link":"https:\/\/portugues.refugiodelneusa.com\/index.php\/politicas-de-mascotas\/","title":{"rendered":"Pol\u00edticas de mascotas"},"content":{"rendered":"\n\n\t<p>POL\u00cdTICAS E REGULAMENTOS PARA ANIMAIS DE ESTIMA\u00c7\u00c3O NO REF\u00daGIO<\/p>\n<p>Adoramos animais de estima\u00e7\u00e3o, tamb\u00e9m temos os nossos e sabemos que o seu animal de estima\u00e7\u00e3o \u00e9 um membro da sua fam\u00edlia, e compreendemos que a sua viagem n\u00e3o seria a mesma sem ele ou ela, \u00e9 por isso que lhe permitimos traz\u00ea-los em estrita conformidade com as seguintes regras:<\/p>\n<p>A manuten\u00e7\u00e3o de animais selvagens ou selvagens \u00e9 proibida na Col\u00f4mbia, no nosso Ref\u00fagio somos coerentes com esta regra, desta forma preservamos a vida selvagem e a seguran\u00e7a dos nossos h\u00f3spedes, por esta raz\u00e3o s\u00f3 s\u00e3o permitidos animais dom\u00e9sticos.<\/p>\n<p>A partir de 30 de Janeiro de 2017, o governo nacional disponibilizou o novo C\u00f3digo de Pol\u00edcia que permite manter a ordem atrav\u00e9s da Lei 746 de 2002, que procura regulamentar a posse de c\u00e3es em zonas urbanas e rurais, em vias p\u00fablicas, em locais abertos ao p\u00fablico e transportes p\u00fablicos em que a sua estadia \u00e9 permitida. Por esta raz\u00e3o e sob este C\u00f3digo reservamo-nos o direito de entrada de c\u00e3es de grandes ra\u00e7as e\/ou pertencentes \u00e0s seguintes ra\u00e7as consideradas potencialmente perigosas ou seus cruzamentos ou h\u00edbridos: American Staffordshire, Bullmastiff Terrier, Doberman, Dogo Argentino, Dogo de Bordeaux, Fila Brasileiro Neapolitan Mastiff, Pit Bull Terrier, American Pit Bull Terrier, De presa canario, Rottweiler, Staffordshire Terrier Tosa, Japanese Bull Terrier.<\/p>\nS\u00f3 \u00e9 permitido um animal de estima\u00e7\u00e3o em cada alojamento, ou dois pequenos animais de estima\u00e7\u00e3o.<br \/>\nO alojamento de um animal de estima\u00e7\u00e3o implica uma limpeza e manuten\u00e7\u00e3o di\u00e1ria da cabina mais completa do que o habitual, por esta raz\u00e3o devemos cobrar o alojamento do seu animal de estima\u00e7\u00e3o de acordo com a taxa de $40.000 COP.<br \/>\nTodos os animais de estima\u00e7\u00e3o devem trazer a sua pr\u00f3pria cama, n\u00e3o \u00e9 permitido aos animais de estima\u00e7\u00e3o subir ou dormir nas camas ou no mobili\u00e1rio da cabina em geral.<br \/>\nTodos os animais de estima\u00e7\u00e3o devem estar sempre sob a supervis\u00e3o do seu propriet\u00e1rio ou de um adulto respons\u00e1vel. Os animais de estima\u00e7\u00e3o n\u00e3o podem ser deixados na cabana enquanto os h\u00f3spedes est\u00e3o fora.<br \/>\nPara dar um passeio \u00e0 volta do Ref\u00fagio deve sempre manter o seu animal de estima\u00e7\u00e3o numa coleira e trela em boas condi\u00e7\u00f5es.<br \/>\nO propriet\u00e1rio \u00e9 obrigado a manter o animal de estima\u00e7\u00e3o em condi\u00e7\u00f5es higi\u00e9nicas e sanit\u00e1rias.<br \/>\nA utiliza\u00e7\u00e3o de pratos, copos e outros utens\u00edlios do estabelecimento para o uso ou cuidados do animal de estima\u00e7\u00e3o n\u00e3o \u00e9 permitida.<br \/>\nN\u00e3o \u00e9 permitido escovar os animais de estima\u00e7\u00e3o nos quartos, banh\u00e1-los nos chuveiros ou utilizar as toalhas ou outros elementos do estabelecimento para os secar.<br \/>\nOs animais de estima\u00e7\u00e3o n\u00e3o podem aliviar-se dentro de casa por qualquer raz\u00e3o. Se isto acontecer acidentalmente, o propriet\u00e1rio \u00e9 respons\u00e1vel pela recolha dos excrementos e pela limpeza.<br \/>\nQuando os animais de estima\u00e7\u00e3o se aliviam nos jardins ou \u00e1reas comuns do ref\u00fagio \u00e9 da responsabilidade do propriet\u00e1rio limpar e ter sacos de pl\u00e1stico para recolher os excrementos e deposit\u00e1-los nos contentores vermelhos.<br \/>\nSe o seu animal de estima\u00e7\u00e3o for um gato, deve trazer o seu posto de arranhar e caixa de ninhada com ninhada e p\u00e1 suficientes para limpeza.<br \/>\nOs h\u00f3spedes s\u00e3o respons\u00e1veis por impedir que os seus animais de estima\u00e7\u00e3o perturbem a ordem ou a tranquilidade de outras pessoas no ref\u00fagio.<br \/>\nO propriet\u00e1rio deve levar o cart\u00e3o de vacina\u00e7\u00e3o actual do animal de estima\u00e7\u00e3o com todas as vacinas necess\u00e1rias e detalhes do animal, tais como: nome, data de nascimento, a fim de verificar as vacinas que deve ter de acordo com a sua idade, ra\u00e7a, cor, sexo e sinais particulares, detalhes completos do propriet\u00e1rio, o veterin\u00e1rio e o n\u00famero do historial m\u00e9dico.<br \/>\nReservamo-nos o direito de recusar a entrada a animais de estima\u00e7\u00e3o que apresentem sinais de condi\u00e7\u00f5es insalubres ou doen\u00e7as potencialmente contagiosas, se apresentarem comportamentos agressivos ou se n\u00e3o cumprirem as pol\u00edticas do estabelecimento.<br \/>\nQualquer dano ou dano causado ou atribu\u00edvel ao animal de estima\u00e7\u00e3o a terceiros, bens, propriedade ou qualquer novo desenvolvimento que ocorra devido ao seu comportamento ser\u00e1 da responsabilidade do propriet\u00e1rio e este ser\u00e1 obrigado a cobrir os custos ou repara\u00e7\u00e3o de danos resultantes de pessoas, mobili\u00e1rio, instala\u00e7\u00f5es ou roupa de cama e outros artigos, e absolver\u00e1 os empregados do estabelecimento de qualquer responsabilidade se o animal de estima\u00e7\u00e3o for ferido ou ferir um h\u00f3spede e o propriet\u00e1rio ser\u00e1 facturado pelos danos e\/ou danos causados.<br \/>\nPara a sua paz de esp\u00edrito e seguran\u00e7a, assegure-se de que o seu animal de estima\u00e7\u00e3o tem uma etiqueta de identifica\u00e7\u00e3o ou microchip.\n<p>\u00c9 do nosso interesse acomodar o cliente e o seu animal de estima\u00e7\u00e3o o melhor poss\u00edvel, no entanto, a nossa prioridade ser\u00e3o sempre os h\u00f3spedes, por favor n\u00e3o traga c\u00e3es que habitualmente ladram demasiado ou s\u00e3o agressivos para as pessoas ou outros animais de estima\u00e7\u00e3o, a reclama\u00e7\u00e3o de qualquer h\u00f3spede do abrigo ser\u00e1 tomada com a m\u00e1xima seriedade. O espa\u00e7o e a tranquilidade dos outros h\u00f3spedes devem ser respeitados incondicionalmente.<\/p>\n<p>&nbsp;<\/p>\n<ul>\n<li>O facto de permanecer connosco implica a aceita\u00e7\u00e3o destas regras, apreciamos o estrito cumprimento das nossas regras, quando o cliente assina uma lei na qual aceita todas as condi\u00e7\u00f5es estabelecidas.\n<p>Tag us on social networks #RefugioDelNeusa @Refugiodelneusa<\/p>\n<p>Refugio del Neusa 3157660292<\/p>\nLlano Grande &#8211; Tausa Cundinamarca.<\/li>\n<\/ul>\n\n","protected":false},"excerpt":{"rendered":"<p>POL\u00cdTICAS E REGULAMENTOS PARA ANIMAIS DE ESTIMA\u00c7\u00c3O NO REF\u00daGIO Adoramos animais de estima\u00e7\u00e3o, tamb\u00e9m temos os nossos e sabemos que o seu animal de estima\u00e7\u00e3o \u00e9 um membro da sua fam\u00edlia, e compreendemos que a sua viagem n\u00e3o seria a mesma sem ele ou ela, \u00e9 por isso que lhe permitimos traz\u00ea-los em estrita conformidade &hellip;<\/p>\n<p class=\"read-more\"> <a class=\"\" href=\"https:\/\/portugues.refugiodelneusa.com\/index.php\/politicas-de-mascotas\/\"> <span class=\"screen-reader-text\">Pol\u00edticas de mascotas<\/span> Leer m\u00e1s &raquo;<\/a><\/p>\n","protected":false},"author":1,"featured_media":0,"parent":0,"menu_order":0,"comment_status":"closed","ping_status":"closed","template":"","meta":{"om_disable_all_campaigns":false,"_monsterinsights_skip_tracking":false,"_monsterinsights_sitenote_active":false,"_monsterinsights_sitenote_note":"","_monsterinsights_sitenote_category":0,"_joinchat":[],"footnotes":""},"aioseo_notices":[],"_links":{"self":[{"href":"https:\/\/portugues.refugiodelneusa.com\/index.php\/wp-json\/wp\/v2\/pages\/1295"}],"collection":[{"href":"https:\/\/portugues.refugiodelneusa.com\/index.php\/wp-json\/wp\/v2\/pages"}],"about":[{"href":"https:\/\/portugues.refugiodelneusa.com\/index.php\/wp-json\/wp\/v2\/types\/page"}],"author":[{"embeddable":true,"href":"https:\/\/portugues.refugiodelneusa.com\/index.php\/wp-json\/wp\/v2\/users\/1"}],"replies":[{"embeddable":true,"href":"https:\/\/portugues.refugiodelneusa.com\/index.php\/wp-json\/wp\/v2\/comments?post=1295"}],"version-history":[{"count":2,"href":"https:\/\/portugues.refugiodelneusa.com\/index.php\/wp-json\/wp\/v2\/pages\/1295\/revisions"}],"predecessor-version":[{"id":1314,"href":"https:\/\/portugues.refugiodelneusa.com\/index.php\/wp-json\/wp\/v2\/pages\/1295\/revisions\/1314"}],"wp:attachment":[{"href":"https:\/\/portugues.refugiodelneusa.com\/index.php\/wp-json\/wp\/v2\/media?parent=1295"}],"curies":[{"name":"wp","href":"https:\/\/api.w.org\/{rel}","templated":true}]}}