{"id":1292,"date":"2022-10-27T18:06:50","date_gmt":"2022-10-27T18:06:50","guid":{"rendered":"https:\/\/portugues.refugiodelneusa.com\/?page_id=1292"},"modified":"2022-10-28T18:21:53","modified_gmt":"2022-10-28T18:21:53","slug":"politicas-del-alojamiento","status":"publish","type":"page","link":"https:\/\/portugues.refugiodelneusa.com\/index.php\/politicas-del-alojamiento\/","title":{"rendered":"Pol\u00edticas del alojamiento"},"content":{"rendered":"\n\n\t<p>REGRAS DA SUA CASA NO REF\u00daGIO<\/p>\n<p>Bem-vindo, queremos que tome toda a energia que o Ref\u00fagio lhe d\u00e1 e recarregue o seu corpo e alma. Desejamos o melhor para si; e como todas as casas t\u00eam regras, nesta estabelecemos as seguintes:<\/p>\nSorria, seja feliz, desfrute, ame.<br \/>\nDiga sempre ol\u00e1, ajude as pessoas que est\u00e3o na sua casa Refugio (cabine ou glamping), respeite os seus vizinhos, pe\u00e7a coisas agrad\u00e1veis, diga obrigado, fale sem gritar, diga adeus quando sair.<br \/>\nLavar as m\u00e3os pelo menos de 3 em 3 horas com \u00e1gua e sab\u00e3o. Se as suas m\u00e3os estiverem limpas, use gel antibacteriano como op\u00e7\u00e3o de limpeza das m\u00e3os.<br \/>\nN\u00e3o se pode fumar dentro de qualquer alojamento. Se fumar, fa\u00e7a-o na sua \u00e1rea verde privada, sem incomodar os outros h\u00f3spedes.<br \/>\nEstacione ao contr\u00e1rio, se n\u00e3o o fez \u00e0 entrada, fa\u00e7a-o em breve.<br \/>\nPol\u00edtica de som: o ref\u00fagio deve estar em total paz das 22h \u00e0s 6h, n\u00e3o \u00e9 permitido qualquer ru\u00eddo, n\u00e3o s\u00e3o permitidos altifalantes. Por ser uma montanha, o som \u00e9 demasiado amplificado e torna a paz do lugar desconfort\u00e1vel. N\u00e3o o fazer \u00e9 uma viola\u00e7\u00e3o do c\u00f3digo policial, Artigo 33, e incorre em multas.<br \/>\nReciclamos, e existem pontos de dep\u00f3sito codificados por cores no parque de estacionamento, como se segue\n<p>VERDE: Res\u00edduos de cozinha<\/p>\n<p>BRANCO: Utiliz\u00e1vel: vidro, metal, cart\u00e3o (limpo) PRETO OU CINZA: N\u00e3o utiliz\u00e1vel: papel higi\u00e9nico, guardanapos, papel, cart\u00e3o (sujo)<\/p>\n<p>VERMELHO: Res\u00edduos perigosos: luvas, n\u00f3s duplos.<\/p>\n<p>Ao fazer o check out, pedimos-lhe que coloque os sacos no ponto de recolha (\u00e0 entrada do Ref\u00fagio).<\/p>\nProibido: Leve os m\u00f3veis, roupa de cama, almofadas, almofadas para a zona verde, se o fizer ter\u00e1 de pagar uma taxa extra.<br \/>\n\u00c9 livre de caminhar pelos caminhos e ir para a mini-fazenda, n\u00e3o deve entrar nas zonas verdes dos outros alojamentos.<br \/>\nNo check-in, assinar\u00e1 o acto de cust\u00f3dia, aceitando ser respons\u00e1vel pelo que est\u00e1 no seu alojamento e \u00e1rea verde; se danificar qualquer objecto ou mobili\u00e1rio, ser-lhe-\u00e1 cobrado.\n<p>Se chegou com o seu animal de estima\u00e7\u00e3o que aceitou os termos e condi\u00e7\u00f5es, lembre-se que n\u00e3o pode subir sobre os m\u00f3veis ou camas; ser\u00e1 respons\u00e1vel por ele, se danificar qualquer objecto ou mobili\u00e1rio ser\u00e1 cobrado; se encontrarmos p\u00ealos nos cobertores, cobraremos a lavagem externa; n\u00e3o utilize qualquer elemento do abrigo para limpar as suas necessidades (toalhas, cobertores &#8230;); a entrada do animal de estima\u00e7\u00e3o tem um custo adicional. Os excrementos devem ser depositados num saco nos contentores vermelhos.<\/p>\n<p>No seu check out, recontaremos o invent\u00e1rio, se tiver quebrado ou danificado algo ser\u00e1 cobrado.<\/p>\n<p>Tag us on social networks #RefugioDelNeusa @Refugiodelneusa<\/p>\n<p>Refugio del Neusa 3157660292<\/p>\n<p>Llano Grande &#8211; Tausa Cundinamarca.<\/p>\n\n","protected":false},"excerpt":{"rendered":"<p>REGRAS DA SUA CASA NO REF\u00daGIO Bem-vindo, queremos que tome toda a energia que o Ref\u00fagio lhe d\u00e1 e recarregue o seu corpo e alma. Desejamos o melhor para si; e como todas as casas t\u00eam regras, nesta estabelecemos as seguintes: Sorria, seja feliz, desfrute, ame. Diga sempre ol\u00e1, ajude as pessoas que est\u00e3o na &hellip;<\/p>\n<p class=\"read-more\"> <a class=\"\" href=\"https:\/\/portugues.refugiodelneusa.com\/index.php\/politicas-del-alojamiento\/\"> <span class=\"screen-reader-text\">Pol\u00edticas del alojamiento<\/span> Leer m\u00e1s &raquo;<\/a><\/p>\n","protected":false},"author":1,"featured_media":0,"parent":0,"menu_order":0,"comment_status":"closed","ping_status":"closed","template":"","meta":{"om_disable_all_campaigns":false,"_monsterinsights_skip_tracking":false,"_monsterinsights_sitenote_active":false,"_monsterinsights_sitenote_note":"","_monsterinsights_sitenote_category":0,"_joinchat":[],"footnotes":""},"aioseo_notices":[],"_links":{"self":[{"href":"https:\/\/portugues.refugiodelneusa.com\/index.php\/wp-json\/wp\/v2\/pages\/1292"}],"collection":[{"href":"https:\/\/portugues.refugiodelneusa.com\/index.php\/wp-json\/wp\/v2\/pages"}],"about":[{"href":"https:\/\/portugues.refugiodelneusa.com\/index.php\/wp-json\/wp\/v2\/types\/page"}],"author":[{"embeddable":true,"href":"https:\/\/portugues.refugiodelneusa.com\/index.php\/wp-json\/wp\/v2\/users\/1"}],"replies":[{"embeddable":true,"href":"https:\/\/portugues.refugiodelneusa.com\/index.php\/wp-json\/wp\/v2\/comments?post=1292"}],"version-history":[{"count":2,"href":"https:\/\/portugues.refugiodelneusa.com\/index.php\/wp-json\/wp\/v2\/pages\/1292\/revisions"}],"predecessor-version":[{"id":1313,"href":"https:\/\/portugues.refugiodelneusa.com\/index.php\/wp-json\/wp\/v2\/pages\/1292\/revisions\/1313"}],"wp:attachment":[{"href":"https:\/\/portugues.refugiodelneusa.com\/index.php\/wp-json\/wp\/v2\/media?parent=1292"}],"curies":[{"name":"wp","href":"https:\/\/api.w.org\/{rel}","templated":true}]}}