{"id":129,"date":"2018-03-09T12:47:31","date_gmt":"2018-03-09T12:47:31","guid":{"rendered":"https:\/\/portugues.refugiodelneusa.com\/index.php\/rooms\/"},"modified":"2024-06-18T17:42:32","modified_gmt":"2024-06-18T17:42:32","slug":"rooms","status":"publish","type":"page","link":"https:\/\/portugues.refugiodelneusa.com\/index.php\/rooms\/","title":{"rendered":"Rooms"},"content":{"rendered":"\n\n\t\t\t<h4>QUARTOS<\/h4><h2>Um Complexo EcoTur\u00edstico onde as mais belas hist\u00f3rias o esperam.<\/h2>\t\t\t\n\t\t\t<h5>Para 2 pessoas<\/h5><h2>CABINA PARA 2<\/h2>\t\t\t\n\t\t\t\t<p>Quarto privado, separado por cerca viva dos outros:<\/p>\n<ul>\n<li>\u00c1rea:20m2+<\/li>\n<li>\u00c1rea verde privada.<\/li>\n<li>Casa de banho privada: Inclui comodidades.<\/li>\n<li>Sala de estar: Cadeiras e cadeiras de baloi\u00e7o.<\/li>\n<li>Cama:Cama de casal, cama roll-away, almofadas, almofadas.<\/li>\n<li>Cozinha: Mini-frigor\u00edfico, fog\u00e3o, sanduicheiro, copos, copos, panelas, pratos, talheres, panelas, frigideiras, frigideiras.<\/li>\n<li>\u00c1rea verde privada: mesa de piquenique, churrasqueira e estrutura para churrasco.<\/li>\n<\/ul>\n<p>Pre\u00e7o mais imposto<\/p>\n\t\t\t<a href=\"https:\/\/engine.lobbypms.com\/refugio-del-neusa\" target=\"_self\" role=\"button\" aria-label=\"Reserva a partir de 380.000 COP\" rel=\"noopener\">\n\t\t\t\t\t\t\tReserva a partir de 380.000 COP\n\t\t<\/a>\n\t\t\t<h5>PARA 4 PESSOAS<\/h5><h2>CABINA PARA 4<\/h2>\t\t\t\n\t\t\t\t<p>Quarto privado, pr\u00f3ximo dos outros quartos.<\/p>\n<ul>\n<li>\u00c1rea:20m2.<\/li>\n<li>\u00c1rea verde privada.<\/li>\n<li>Casa de banho privada: Inclui comodidades.<\/li>\n<li>Quarto de cama: cama de casal e mesa de cabeceira, almofadas, almofadas. Mini-frigor\u00edfico.\u00a0<\/li>\n<li>\u00c1rea verde privada: mesa de piquenique, estrutura para fogueira e churrasqueira.\u00a0<\/li>\n<\/ul>\n<p>Pre\u00e7o mais imposto<\/p>\n\t\t\t<a href=\"https:\/\/engine.lobbypms.com\/refugio-del-neusa\" target=\"_self\" role=\"button\" aria-label=\"Reserva a partir de 500.000 COP\" rel=\"noopener\">\n\t\t\t\t\t\t\tReserva a partir de 500.000 COP\n\t\t<\/a>\n\t\t\t<h5>PARA 10 PESSOAS<\/h5><h2>CABINA PARA 10<\/h2>\t\t\t\n\t\t\t\t<p>Cabana privada. Separada por cerca viva das outras.<\/p>\n<ul>\n<li>\u00c1rea:72m2<\/li>\n<li>\u00c1rea verde privada.<\/li>\n<li>Quartos:n\u00famero 3,<\/li>\n<li>Roupa de cama, almofadas, almofadas.<\/li>\n<li>Quarto 1: cama de casal.<\/li>\n<li>Quarto 2: 2 cabines.<\/li>\n<li>Quarto 3: Semi-cama e cabana.<\/li>\n<li>Casas de banho privadas : quantidade 3 com comodidades.<\/li>\n<li>Sala de estar: 3 sof\u00e1s.<br \/>Sala de jantar.<\/li>\n<li>Cozinha: Frigor\u00edfico, fog\u00e3o, sanduicheiro, liquidificador, copos, panelas, pratos, talheres, panelas, frigideiras, utens\u00edlios de cozinha, jarro, ferro de engomar, etc&#8230;.<\/li>\n<li>\u00c1rea verde privada: mesa de piquenique, estrutura para fogueira e churrasqueira.<\/li>\n<\/ul>\n<p>Pre\u00e7o mais imposto<\/p>\n\t\t\t<a href=\"\/\/engine.lobbypms.com\/refugio-del-neusa\" target=\"_self\" role=\"button\" aria-label=\"RESERVA A PARTIR DE 1.000.000 COP\" rel=\"noopener\">\n\t\t\t\t\t\t\tRESERVA A PARTIR DE 1.000.000 COP\n\t\t<\/a>\n\t\t\t<h5>PARA 6 PESSOAS<\/h5><h2>A QUINTA<\/h2>\t\t\t\n\t\t\t\t\n<p>Cabana privada. separada por uma cerca viva das outras.<\/p>\n<ul>\n<li>\u00c1rea:48m2<\/li>\n<li>\u00c1rea verde privada.<\/li>\n<li>Quartos:n\u00famero 2.<\/li>\n<li>Roupa de cama, almofadas, almofadas.<\/li>\n<li>Quarto 1: cama de casal.<\/li>\n<li>Quarto 2: cama semi-d\u00faplice e beliche.<\/li>\n<li>Casas de banho privadas 2 :Incluindo comodidades.<\/li>\n<li>Sala de estar: 1 Sof\u00e1 e 2 cadeiras super confort\u00e1veis.<\/li>\n<li>Sala de jantar: mesa e cadeiras de jantar perfeitas.<\/li>\n<li>Cozinha: Frigor\u00edfico, fog\u00e3o, sanduicheiro, liquidificador, copos, panelas, pratos, talheres, panelas, frigideiras, utens\u00edlios de cozinha, jarro, ferro de engomar, etc&#8230;.<\/li>\n<li>\u00c1rea verde privada: mesa de piquenique, estrutura para fogueira e churrasqueira.<\/li>\n<\/ul>\n<p>Pre\u00e7o mais imposto<\/p>\n\t\t\t<a href=\"https:\/\/engine.lobbypms.com\/refugio-del-neusa\" target=\"_self\" role=\"button\" aria-label=\"RESERVA A PARTIR DE  600.000 COP\" rel=\"noopener\">\n\t\t\t\t\t\t\tRESERVA A PARTIR DE  600.000 COP\n\t\t<\/a>\n\t\t\t<h5>Para 2<\/h5><h2>CABINA PARA 2 COM JAUZZI<\/h2>\t\t\t\n\t\t\t\t<p>Quarto privado, separado por cerca viva dos outros:<\/p>\n<ul>\n<li>\u00c1rea:27m2<\/li>\n<li>\u00c1rea verde privada.<br \/>Casa de banho privada: Inclui o que precisa.<\/li>\n<li>Cama: roupa de cama de casal, almofadas, almofadas.<\/li>\n<li>Jacuzzi<\/li>\n<li>\u00c1rea verde privada: mesa de piquenique, fossa de inc\u00eandio e estrutura para churrasco.<\/li>\n<\/ul>\n<p>Pre\u00e7o mais imposto<\/p>\n\t\t\t<a href=\"https:\/\/engine.lobbypms.com\/refugio-del-neusa\" target=\"_self\" role=\"button\" aria-label=\"Reserva a partir de 550.000 COP\" rel=\"noopener\">\n\t\t\t\t\t\t\tReserva a partir de 550.000 COP\n\t\t<\/a>\n\t\t\t<h5>PARA 2 PESSOAS<\/h5><h2>CAMA<\/h2>\t\t\t\n\t\t\t\t<p>Renovar o seu ser<\/p>\n<p>Uma nova experi\u00eancia de alojamento para si:<\/p>\n<p>Cama 2 x 2 M<br \/>Colch\u00e3o de 1,40 x 190 cm.<br \/>Casas de banho partilhadas para homens e mulheres com \u00e1gua quente.<br \/>Pequeno-almo\u00e7o e estacionamento inclu\u00eddos.<\/p>\n\t\t\t<a href=\"https:\/\/engine.lobbypms.com\/refugio-del-neusa\" target=\"_self\" role=\"button\" aria-label=\"RESERVA A PARTIR DE  150.000 COP\" rel=\"noopener\">\n\t\t\t\t\t\t\tRESERVA A PARTIR DE  150.000 COP\n\t\t<\/a>\n\t<h4>\n\t\t\t\tsaiba mais sobre n\u00f3s, seguindo-nos nas redes sociais\n\t\t\t<\/h4>\n\t\t\t<a href=\"https:\/\/www.google.com\/maps\/dir\/\/REFUGIO+DEL+NEUSA\/data=!4m6!4m5!1m1!4e2!1m2!1m1!1s0x8e4069012f755dc5:0x1d897901ea350f22?sa=X&#038;ved=2ahUKEwjBodCJ5uf6AhXQLEQIHY8IBlwQ9Rd6BQiKARAE\" target=\"_self\" role=\"button\" aria-label=\"DA CLICK PARA CLIQUE PARA L\u00c1 CHEGAR\" rel=\"noopener\">\n\t\t\t\t\t\t\tDA CLICK PARA CLIQUE PARA L\u00c1 CHEGAR\n\t\t<\/a>\n\t<h4>\n\t\t\t\tReceba agora uma oferta especial\n\t\t\t<\/h4>\n\t\t\t<a href=\"https:\/\/engine.lobbypms.com\/refugio-del-neusa\" target=\"_self\" role=\"button\" aria-label=\"RESERVA\" rel=\"noopener\">\n\t\t\t\t\t\t\tRESERVA\n\t\t<\/a>\n\n","protected":false},"excerpt":{"rendered":"<p>QUARTOS Um Complexo EcoTur\u00edstico onde as mais belas hist\u00f3rias o esperam. Para 2 pessoas CABINA PARA 2 Quarto privado, separado por cerca viva dos outros: \u00c1rea:20m2+ \u00c1rea verde privada. Casa de banho privada: Inclui comodidades. Sala de estar: Cadeiras e cadeiras de baloi\u00e7o. Cama:Cama de casal, cama roll-away, almofadas, almofadas. Cozinha: Mini-frigor\u00edfico, fog\u00e3o, sanduicheiro, copos, &hellip;<\/p>\n<p class=\"read-more\"> <a class=\"\" href=\"https:\/\/portugues.refugiodelneusa.com\/index.php\/rooms\/\"> <span class=\"screen-reader-text\">Rooms<\/span> Leer m\u00e1s &raquo;<\/a><\/p>\n","protected":false},"author":1,"featured_media":0,"parent":0,"menu_order":0,"comment_status":"closed","ping_status":"closed","template":"","meta":{"om_disable_all_campaigns":false,"_monsterinsights_skip_tracking":false,"_monsterinsights_sitenote_active":false,"_monsterinsights_sitenote_note":"","_monsterinsights_sitenote_category":0,"_joinchat":[],"footnotes":""},"aioseo_notices":[],"_links":{"self":[{"href":"https:\/\/portugues.refugiodelneusa.com\/index.php\/wp-json\/wp\/v2\/pages\/129"}],"collection":[{"href":"https:\/\/portugues.refugiodelneusa.com\/index.php\/wp-json\/wp\/v2\/pages"}],"about":[{"href":"https:\/\/portugues.refugiodelneusa.com\/index.php\/wp-json\/wp\/v2\/types\/page"}],"author":[{"embeddable":true,"href":"https:\/\/portugues.refugiodelneusa.com\/index.php\/wp-json\/wp\/v2\/users\/1"}],"replies":[{"embeddable":true,"href":"https:\/\/portugues.refugiodelneusa.com\/index.php\/wp-json\/wp\/v2\/comments?post=129"}],"version-history":[{"count":22,"href":"https:\/\/portugues.refugiodelneusa.com\/index.php\/wp-json\/wp\/v2\/pages\/129\/revisions"}],"predecessor-version":[{"id":1428,"href":"https:\/\/portugues.refugiodelneusa.com\/index.php\/wp-json\/wp\/v2\/pages\/129\/revisions\/1428"}],"wp:attachment":[{"href":"https:\/\/portugues.refugiodelneusa.com\/index.php\/wp-json\/wp\/v2\/media?parent=129"}],"curies":[{"name":"wp","href":"https:\/\/api.w.org\/{rel}","templated":true}]}}